{"id":73,"date":"2018-07-15T11:16:56","date_gmt":"2018-07-15T09:16:56","guid":{"rendered":"http:\/\/tvdaettlikon.ch\/wordpress\/wordpress\/?page_id=73"},"modified":"2025-09-30T07:00:48","modified_gmt":"2025-09-30T05:00:48","slug":"frauenriege","status":"publish","type":"page","link":"https:\/\/tvdaettlikon.ch\/index.php\/verein\/frauenriege\/","title":{"rendered":"Frauenriege"},"content":{"rendered":"<p>Unsere Frauenriege wurde 1997 als Untersektion des Turnvereins D\u00e4ttlikon gegr\u00fcndet. Wir, 14 aktive Frauen zwischen 35 und 60 Jahren bewegen wir uns gemeinsam und pflegen die Kameradschaft.<\/p>\n<p>Unsere ungezwungenen Turnstunden bestehen aus:<br>&#8211; Training f\u00fcr Turnfest (Fachtest Allround und Fit &amp; Fun)<br>&#8211; Plausch-Volleyball<br>&#8211; Einstudieren kleiner Choreografien<br>&#8211; Und einigem mehr&#8230;<\/p>\n<p>In jedem Vereinsjahr nehmern wir an einem Turnfest in der Region teil, unter dem Motto: &#8222;Debii sii isch alles!&#8220; Nach den Sommerferien begeben wir uns auf eine 2-t\u00e4gige Turnfahrt in die Berge. Im November treffen wir uns zum Jahresschlussessen und anfangs Dezember findet der traditionelle Chlausabig statt. Alle zwei Jahre helfen wir an der Abendunterhaltung des Turnvereins mit, der H\u00f6hepunkt des Vereinsjahres.<\/p>\n<p>H\u00e4mmer dis Inter\u00e4sse gweckt? D\u00e4nn chum doch emal go ineluege.<\/p>\n<p>&nbsp;<\/p>\n\n\n<figure class=\"wp-block-image size-large\"><img decoding=\"async\" loading=\"lazy\" width=\"1024\" height=\"850\" src=\"http:\/\/tvdaettlikon.ch\/wp-content\/uploads\/2025\/09\/IMG-20250918-WA0002-1024x850.jpg\" alt=\"\" class=\"wp-image-2812\" srcset=\"https:\/\/tvdaettlikon.ch\/wp-content\/uploads\/2025\/09\/IMG-20250918-WA0002-1024x850.jpg 1024w, https:\/\/tvdaettlikon.ch\/wp-content\/uploads\/2025\/09\/IMG-20250918-WA0002-300x249.jpg 300w, https:\/\/tvdaettlikon.ch\/wp-content\/uploads\/2025\/09\/IMG-20250918-WA0002-768x638.jpg 768w, https:\/\/tvdaettlikon.ch\/wp-content\/uploads\/2025\/09\/IMG-20250918-WA0002-1536x1275.jpg 1536w, https:\/\/tvdaettlikon.ch\/wp-content\/uploads\/2025\/09\/IMG-20250918-WA0002-1200x996.jpg 1200w, https:\/\/tvdaettlikon.ch\/wp-content\/uploads\/2025\/09\/IMG-20250918-WA0002.jpg 2048w\" sizes=\"(max-width: 709px) 85vw, (max-width: 909px) 67vw, (max-width: 1362px) 62vw, 840px\" \/><\/figure>\n","protected":false},"excerpt":{"rendered":"<p>Unsere Frauenriege wurde 1997 als Untersektion des Turnvereins D\u00e4ttlikon gegr\u00fcndet. Wir, 14 aktive Frauen zwischen 35 und 60 Jahren bewegen wir uns gemeinsam und pflegen die Kameradschaft. Unsere ungezwungenen Turnstunden bestehen aus:&#8211; Training f\u00fcr Turnfest (Fachtest Allround und Fit &amp; Fun)&#8211; Plausch-Volleyball&#8211; Einstudieren kleiner Choreografien&#8211; Und einigem mehr&#8230; In jedem Vereinsjahr nehmern wir an einem &hellip; <a href=\"https:\/\/tvdaettlikon.ch\/index.php\/verein\/frauenriege\/\" class=\"more-link\"><span class=\"screen-reader-text\">\u201eFrauenriege\u201c<\/span> weiterlesen<\/a><\/p>\n","protected":false},"author":1,"featured_media":0,"parent":244,"menu_order":0,"comment_status":"closed","ping_status":"closed","template":"","meta":{"inline_featured_image":false,"ngg_post_thumbnail":0},"_links":{"self":[{"href":"https:\/\/tvdaettlikon.ch\/index.php\/wp-json\/wp\/v2\/pages\/73"}],"collection":[{"href":"https:\/\/tvdaettlikon.ch\/index.php\/wp-json\/wp\/v2\/pages"}],"about":[{"href":"https:\/\/tvdaettlikon.ch\/index.php\/wp-json\/wp\/v2\/types\/page"}],"author":[{"embeddable":true,"href":"https:\/\/tvdaettlikon.ch\/index.php\/wp-json\/wp\/v2\/users\/1"}],"replies":[{"embeddable":true,"href":"https:\/\/tvdaettlikon.ch\/index.php\/wp-json\/wp\/v2\/comments?post=73"}],"version-history":[{"count":16,"href":"https:\/\/tvdaettlikon.ch\/index.php\/wp-json\/wp\/v2\/pages\/73\/revisions"}],"predecessor-version":[{"id":2814,"href":"https:\/\/tvdaettlikon.ch\/index.php\/wp-json\/wp\/v2\/pages\/73\/revisions\/2814"}],"up":[{"embeddable":true,"href":"https:\/\/tvdaettlikon.ch\/index.php\/wp-json\/wp\/v2\/pages\/244"}],"wp:attachment":[{"href":"https:\/\/tvdaettlikon.ch\/index.php\/wp-json\/wp\/v2\/media?parent=73"}],"curies":[{"name":"wp","href":"https:\/\/api.w.org\/{rel}","templated":true}]}}