{"id":178,"date":"2018-09-24T15:25:27","date_gmt":"2018-09-24T13:25:27","guid":{"rendered":"http:\/\/tvdaettlikon.ch\/?page_id=178"},"modified":"2024-02-03T23:49:34","modified_gmt":"2024-02-03T22:49:34","slug":"jugendrige","status":"publish","type":"page","link":"https:\/\/tvdaettlikon.ch\/index.php\/verein\/jugendrige\/","title":{"rendered":"Jugendriege"},"content":{"rendered":"\n<p>Die Jugendriege D\u00e4ttlikon bewegt Knaben von der 1. Klasse bis in die 2. Oberstufe und ist die grosse Talentschmiede des TV D\u00e4ttlikon.<\/p>\n\n\n<p><img decoding=\"async\" loading=\"lazy\" class=\"aligncenter wp-image-2656\" src=\"http:\/\/tvdaettlikon.ch\/wp-content\/uploads\/2024\/02\/jugilogo2024_kreis.png\" alt=\"\" width=\"359\" height=\"359\" srcset=\"https:\/\/tvdaettlikon.ch\/wp-content\/uploads\/2024\/02\/jugilogo2024_kreis.png 2000w, https:\/\/tvdaettlikon.ch\/wp-content\/uploads\/2024\/02\/jugilogo2024_kreis-300x300.png 300w, https:\/\/tvdaettlikon.ch\/wp-content\/uploads\/2024\/02\/jugilogo2024_kreis-1024x1024.png 1024w, https:\/\/tvdaettlikon.ch\/wp-content\/uploads\/2024\/02\/jugilogo2024_kreis-150x150.png 150w, https:\/\/tvdaettlikon.ch\/wp-content\/uploads\/2024\/02\/jugilogo2024_kreis-768x768.png 768w, https:\/\/tvdaettlikon.ch\/wp-content\/uploads\/2024\/02\/jugilogo2024_kreis-1536x1536.png 1536w, https:\/\/tvdaettlikon.ch\/wp-content\/uploads\/2024\/02\/jugilogo2024_kreis-1200x1200.png 1200w\" sizes=\"(max-width: 359px) 85vw, 359px\" \/>Alle unsere Jugileiter waren fr\u00fcher selber begeisterte Jugibuben. Bei uns in der Jugi ist Breitensport Programm und es werden altersgerechte Leichtathletik- und Ger\u00e4tedisziplinen ausge\u00fcbt. \u00dcber das Jahr hinaus wird f\u00fcr die Wettk\u00e4mpfe trainiert, aber auch Spiel und Spass ist ein fester Bestandteil des Turnbetriebs.<\/p>\n<p>Unsere gewohnten Fixtermine im Jahr sind:<br>1. im Zweijahresrhytmus Abendunterhaltung der Turnfamilie D\u00e4ttlikon im Januar<br>2. Jugendssporttag im Mai<br>3. Einzelturntag im Juli<br>4. Turn- Spiel- und Stafettentag Ende August<br>5. Schlussturnen der Jugi D\u00e4ttlikon im September<br>6. Besuch des Samichlaus im Dezember<\/p>\n<p>Wir freuen uns, dich bald bei uns in der Halle zu sehen!<\/p>\n<p><a href=\"http:\/\/tvdaettlikon.ch\/index.php\/neue-anmeldung-jugibub\/\"><strong>Zur Anmeldung<\/strong><\/a> neuer Jugibuben kann das verlinkte Formular ausgef\u00fcllt werden. F\u00fcr ein Schnuppertraining reicht auch die Kontaktaufnahme mit dem Hauptjugileiter. (siehe Kontaktdaten oben rechts)<\/p>\n<p><a href=\"http:\/\/tvdaettlikon.ch\/index.php\/jugi-trainingsabmeldung\/\"><strong>Zur Abmeldung<\/strong><\/a> von einem oder mehreren Trainings kann das verlinkte Formular ausgef\u00fcllt werden.<\/p>\n<p>&nbsp;<\/p>","protected":false},"excerpt":{"rendered":"<p>Die Jugendriege D\u00e4ttlikon bewegt Knaben von der 1. Klasse bis in die 2. Oberstufe und ist die grosse Talentschmiede des TV D\u00e4ttlikon. Alle unsere Jugileiter waren fr\u00fcher selber begeisterte Jugibuben. Bei uns in der Jugi ist Breitensport Programm und es werden altersgerechte Leichtathletik- und Ger\u00e4tedisziplinen ausge\u00fcbt. \u00dcber das Jahr hinaus wird f\u00fcr die Wettk\u00e4mpfe trainiert, &hellip; <a href=\"https:\/\/tvdaettlikon.ch\/index.php\/verein\/jugendrige\/\" class=\"more-link\"><span class=\"screen-reader-text\">\u201eJugendriege\u201c<\/span> weiterlesen<\/a><\/p>\n","protected":false},"author":1,"featured_media":0,"parent":244,"menu_order":0,"comment_status":"closed","ping_status":"closed","template":"","meta":{"inline_featured_image":false,"ngg_post_thumbnail":0},"_links":{"self":[{"href":"https:\/\/tvdaettlikon.ch\/index.php\/wp-json\/wp\/v2\/pages\/178"}],"collection":[{"href":"https:\/\/tvdaettlikon.ch\/index.php\/wp-json\/wp\/v2\/pages"}],"about":[{"href":"https:\/\/tvdaettlikon.ch\/index.php\/wp-json\/wp\/v2\/types\/page"}],"author":[{"embeddable":true,"href":"https:\/\/tvdaettlikon.ch\/index.php\/wp-json\/wp\/v2\/users\/1"}],"replies":[{"embeddable":true,"href":"https:\/\/tvdaettlikon.ch\/index.php\/wp-json\/wp\/v2\/comments?post=178"}],"version-history":[{"count":17,"href":"https:\/\/tvdaettlikon.ch\/index.php\/wp-json\/wp\/v2\/pages\/178\/revisions"}],"predecessor-version":[{"id":2657,"href":"https:\/\/tvdaettlikon.ch\/index.php\/wp-json\/wp\/v2\/pages\/178\/revisions\/2657"}],"up":[{"embeddable":true,"href":"https:\/\/tvdaettlikon.ch\/index.php\/wp-json\/wp\/v2\/pages\/244"}],"wp:attachment":[{"href":"https:\/\/tvdaettlikon.ch\/index.php\/wp-json\/wp\/v2\/media?parent=178"}],"curies":[{"name":"wp","href":"https:\/\/api.w.org\/{rel}","templated":true}]}}